{"id":6882,"date":"2021-12-10T09:20:55","date_gmt":"2021-12-10T08:20:55","guid":{"rendered":"https:\/\/dolecir.it\/prenotazione\/"},"modified":"2024-04-23T11:35:25","modified_gmt":"2024-04-23T09:35:25","slug":"buchen","status":"publish","type":"page","link":"https:\/\/dolecir.it\/de\/buchen\/","title":{"rendered":"Buchen"},"content":{"rendered":"\t\t<div data-elementor-type=\"wp-page\" data-elementor-id=\"6882\" class=\"elementor elementor-6882 elementor-5872\">\n\t\t\t\t\t\t<section class=\"elementor-section elementor-top-section elementor-element elementor-element-1c2fb3a elementor-section-height-min-height elementor-section-full_width elementor-section-stretched elementor-section-height-default elementor-section-items-middle\" data-id=\"1c2fb3a\" data-element_type=\"section\" data-e-type=\"section\" data-settings=\"{&quot;jet_parallax_layout_list&quot;:[{&quot;jet_parallax_layout_image&quot;:{&quot;url&quot;:&quot;&quot;,&quot;id&quot;:&quot;&quot;,&quot;size&quot;:&quot;&quot;},&quot;_id&quot;:&quot;589ecf3&quot;,&quot;jet_parallax_layout_image_tablet&quot;:{&quot;url&quot;:&quot;&quot;,&quot;id&quot;:&quot;&quot;,&quot;size&quot;:&quot;&quot;},&quot;jet_parallax_layout_image_mobile&quot;:{&quot;url&quot;:&quot;&quot;,&quot;id&quot;:&quot;&quot;,&quot;size&quot;:&quot;&quot;},&quot;jet_parallax_layout_speed&quot;:{&quot;unit&quot;:&quot;%&quot;,&quot;size&quot;:50,&quot;sizes&quot;:[]},&quot;jet_parallax_layout_type&quot;:&quot;scroll&quot;,&quot;jet_parallax_layout_direction&quot;:&quot;1&quot;,&quot;jet_parallax_layout_fx_direction&quot;:null,&quot;jet_parallax_layout_z_index&quot;:&quot;&quot;,&quot;jet_parallax_layout_bg_x&quot;:50,&quot;jet_parallax_layout_bg_x_tablet&quot;:&quot;&quot;,&quot;jet_parallax_layout_bg_x_mobile&quot;:&quot;&quot;,&quot;jet_parallax_layout_bg_y&quot;:50,&quot;jet_parallax_layout_bg_y_tablet&quot;:&quot;&quot;,&quot;jet_parallax_layout_bg_y_mobile&quot;:&quot;&quot;,&quot;jet_parallax_layout_bg_size&quot;:&quot;auto&quot;,&quot;jet_parallax_layout_bg_size_tablet&quot;:&quot;&quot;,&quot;jet_parallax_layout_bg_size_mobile&quot;:&quot;&quot;,&quot;jet_parallax_layout_animation_prop&quot;:&quot;transform&quot;,&quot;jet_parallax_layout_on&quot;:[&quot;desktop&quot;,&quot;tablet&quot;]}],&quot;background_background&quot;:&quot;classic&quot;,&quot;stretch_section&quot;:&quot;section-stretched&quot;}\">\n\t\t\t\t\t\t<div class=\"elementor-container elementor-column-gap-no\">\n\t\t\t\t\t<div class=\"elementor-column elementor-col-100 elementor-top-column elementor-element elementor-element-7f44607\" data-id=\"7f44607\" data-element_type=\"column\" data-e-type=\"column\">\n\t\t\t<div class=\"elementor-widget-wrap elementor-element-populated\">\n\t\t\t\t\t\t<div class=\"elementor-element elementor-element-1411868 elementor-widget elementor-widget-heading\" data-id=\"1411868\" data-element_type=\"widget\" data-e-type=\"widget\" data-widget_type=\"heading.default\">\n\t\t\t\t<div class=\"elementor-widget-container\">\n\t\t\t\t\t<h1 class=\"elementor-heading-title elementor-size-default\">Buchen<\/h1>\t\t\t\t<\/div>\n\t\t\t\t<\/div>\n\t\t\t\t\t<\/div>\n\t\t<\/div>\n\t\t\t\t\t<\/div>\n\t\t<\/section>\n\t\t\t\t<section class=\"elementor-section elementor-top-section elementor-element elementor-element-67ad029 elementor-section-boxed elementor-section-height-default elementor-section-height-default\" data-id=\"67ad029\" data-element_type=\"section\" data-e-type=\"section\" data-settings=\"{&quot;jet_parallax_layout_list&quot;:[{&quot;jet_parallax_layout_image&quot;:{&quot;url&quot;:&quot;&quot;,&quot;id&quot;:&quot;&quot;,&quot;size&quot;:&quot;&quot;},&quot;_id&quot;:&quot;8d26abd&quot;,&quot;jet_parallax_layout_speed&quot;:{&quot;unit&quot;:&quot;%&quot;,&quot;size&quot;:44,&quot;sizes&quot;:[]},&quot;jet_parallax_layout_type&quot;:&quot;zoom&quot;,&quot;jet_parallax_layout_image_tablet&quot;:{&quot;url&quot;:&quot;&quot;,&quot;id&quot;:&quot;&quot;,&quot;size&quot;:&quot;&quot;},&quot;jet_parallax_layout_image_mobile&quot;:{&quot;url&quot;:&quot;&quot;,&quot;id&quot;:&quot;&quot;,&quot;size&quot;:&quot;&quot;},&quot;jet_parallax_layout_direction&quot;:null,&quot;jet_parallax_layout_fx_direction&quot;:null,&quot;jet_parallax_layout_z_index&quot;:&quot;&quot;,&quot;jet_parallax_layout_bg_x&quot;:50,&quot;jet_parallax_layout_bg_x_tablet&quot;:&quot;&quot;,&quot;jet_parallax_layout_bg_x_mobile&quot;:&quot;&quot;,&quot;jet_parallax_layout_bg_y&quot;:50,&quot;jet_parallax_layout_bg_y_tablet&quot;:&quot;&quot;,&quot;jet_parallax_layout_bg_y_mobile&quot;:&quot;&quot;,&quot;jet_parallax_layout_bg_size&quot;:&quot;auto&quot;,&quot;jet_parallax_layout_bg_size_tablet&quot;:&quot;&quot;,&quot;jet_parallax_layout_bg_size_mobile&quot;:&quot;&quot;,&quot;jet_parallax_layout_animation_prop&quot;:null,&quot;jet_parallax_layout_on&quot;:[&quot;desktop&quot;,&quot;tablet&quot;]}]}\">\n\t\t\t\t\t\t<div class=\"elementor-container elementor-column-gap-default\">\n\t\t\t\t\t<div class=\"elementor-column elementor-col-100 elementor-top-column elementor-element elementor-element-00c090f\" data-id=\"00c090f\" data-element_type=\"column\" data-e-type=\"column\">\n\t\t\t<div class=\"elementor-widget-wrap elementor-element-populated\">\n\t\t\t\t\t\t<div class=\"elementor-element elementor-element-4af8e05 elementor-widget elementor-widget-heading\" data-id=\"4af8e05\" data-element_type=\"widget\" data-e-type=\"widget\" data-widget_type=\"heading.default\">\n\t\t\t\t<div class=\"elementor-widget-container\">\n\t\t\t\t\t<h2 class=\"elementor-heading-title elementor-size-default\">Buchen Sie Ihren wohlverdienten Urlaub<br> im Chalet Dolecir <\/h2>\t\t\t\t<\/div>\n\t\t\t\t<\/div>\n\t\t\t\t<div class=\"elementor-element elementor-element-b76327f elementor-widget elementor-widget-text-editor\" data-id=\"b76327f\" data-element_type=\"widget\" data-e-type=\"widget\" data-widget_type=\"text-editor.default\">\n\t\t\t\t<div class=\"elementor-widget-container\">\n\t\t\t\t\t\t\t\t\t<h3>Ihr Traumurlaub in mitten der Dolomiten ist nur wenige Klicks entfernt<\/h3>\t\t\t\t\t\t\t\t<\/div>\n\t\t\t\t<\/div>\n\t\t\t\t\t<\/div>\n\t\t<\/div>\n\t\t\t\t\t<\/div>\n\t\t<\/section>\n\t\t\t\t<section class=\"elementor-section elementor-top-section elementor-element elementor-element-a670325 elementor-section-boxed elementor-section-height-default elementor-section-height-default\" data-id=\"a670325\" data-element_type=\"section\" data-e-type=\"section\" data-settings=\"{&quot;jet_parallax_layout_list&quot;:[]}\">\n\t\t\t\t\t\t<div class=\"elementor-container elementor-column-gap-default\">\n\t\t\t\t\t<div class=\"elementor-column elementor-col-100 elementor-top-column elementor-element elementor-element-475cd8a\" data-id=\"475cd8a\" data-element_type=\"column\" data-e-type=\"column\">\n\t\t\t<div class=\"elementor-widget-wrap elementor-element-populated\">\n\t\t\t\t\t\t<div class=\"elementor-element elementor-element-eaba521 elementor-widget elementor-widget-html\" data-id=\"eaba521\" data-element_type=\"widget\" data-e-type=\"widget\" data-widget_type=\"html.default\">\n\t\t\t\t<div class=\"elementor-widget-container\">\n\t\t\t\t\t<html>\n<head><\/head>\n<body>\n\n<!-- SB SYNCRO BOX BODY FORM - END -->\n<script type=\"text\/javascript\">\n(function (i, s, o, g, r, a, m) {\ni['SBSyncroBoxParam'] = r; i[r] = i[r] || function () {\n(i[r].q = i[r].q || []).push(arguments)\n}, i[r].l = 1 * new Date(); a = s.createElement(o),\nm = s.getElementsByTagName(o)[0]; a.async = 1; a.src = g; m.parentNode.insertBefore(a, m)\n})(window, document, 'script', 'https:\/\/cdn.simplebooking.it\/search-box-script.axd?IDA=7947','SBSyncroBox');\n\nSBSyncroBox({\nMaxKids: 8,\nCodLang: 'DE',\nStyles: {\n\t\tCustomColor: \"#000000\",\n\t\tCustomBGColor: \"#FFFFFF\",\n\t\tCustomLabelColor: \"#000000\",\n\t\tCustomWidgetColor:  \"#000000\",\n\t\tCustomIconColor: \"#B69E60\",\n\t\tCustomButtonBGColor:  \"#B69E60\",\n\t\tCustomLinkColor: \"#B69E60\",\n\t\tCustomFieldBackgroundColor: \"#f0ebdf\",\n\t\tCustomAccentColor: \"#d3c49f\",\n\t\tCustomCalendarBackgroundColor: \"#f0ebdf\",\n\t\tCustomAccentColorHover: \"#B69E60\",\n\t\tCustomIntentSelectionColor: \"#000000\",\n\t\tCustomButtonHoverBGColor: \"#d3c49f\",\n\t\tCustomIntentSelectionDaysBGColor: \"#f0ebdf\",\n\t\tFontFamily: '\"Roboto\"',\n\t\tCustomWidgetBGColor: \"#f0ebdf\",\n\t\tCustomAddRoomBoxShadowColor: \"#000000\"\n    }\n});\n<\/script>\n\n<div id=\"sb-container\"><\/div>\n\n<\/body>\n<\/html>\t\t\t\t<\/div>\n\t\t\t\t<\/div>\n\t\t\t\t\t<\/div>\n\t\t<\/div>\n\t\t\t\t\t<\/div>\n\t\t<\/section>\n\t\t\t\t<section class=\"elementor-section elementor-top-section elementor-element elementor-element-6f99335 elementor-section-boxed elementor-section-height-default elementor-section-height-default\" data-id=\"6f99335\" data-element_type=\"section\" data-e-type=\"section\" data-settings=\"{&quot;jet_parallax_layout_list&quot;:[]}\">\n\t\t\t\t\t\t<div class=\"elementor-container elementor-column-gap-default\">\n\t\t\t\t\t<div class=\"elementor-column elementor-col-100 elementor-top-column elementor-element elementor-element-4a5c8e1\" data-id=\"4a5c8e1\" data-element_type=\"column\" data-e-type=\"column\">\n\t\t\t<div class=\"elementor-widget-wrap elementor-element-populated\">\n\t\t\t\t\t\t<div class=\"elementor-element elementor-element-687a8c9 elementor-widget elementor-widget-heading\" data-id=\"687a8c9\" data-element_type=\"widget\" data-e-type=\"widget\" data-widget_type=\"heading.default\">\n\t\t\t\t<div class=\"elementor-widget-container\">\n\t\t\t\t\t<h2 class=\"elementor-heading-title elementor-size-default\">F\u00fcr Sie...<\/h2>\t\t\t\t<\/div>\n\t\t\t\t<\/div>\n\t\t\t\t<section class=\"elementor-section elementor-inner-section elementor-element elementor-element-48edbad elementor-section-boxed elementor-section-height-default elementor-section-height-default\" data-id=\"48edbad\" data-element_type=\"section\" data-e-type=\"section\" data-settings=\"{&quot;jet_parallax_layout_list&quot;:[]}\">\n\t\t\t\t\t\t<div class=\"elementor-container elementor-column-gap-default\">\n\t\t\t\t\t<div class=\"elementor-column elementor-col-50 elementor-inner-column elementor-element elementor-element-56129ee\" data-id=\"56129ee\" data-element_type=\"column\" data-e-type=\"column\">\n\t\t\t<div class=\"elementor-widget-wrap elementor-element-populated\">\n\t\t\t\t\t\t<div class=\"elementor-element elementor-element-d8c23d8 elementor-widget elementor-widget-text-editor\" data-id=\"d8c23d8\" data-element_type=\"widget\" data-e-type=\"widget\" data-widget_type=\"text-editor.default\">\n\t\t\t\t<div class=\"elementor-widget-container\">\n\t\t\t\t\t\t\t\t\t<ul><li><b>F\u00fcr Ihr Fr\u00fchst\u00fcck im Chalet<\/b>: wir organisieren f\u00fcr Sie frisches Brot jeden Morgen und es erwarten Sie hochwertige Produkte f\u00fcr Ihr Fr\u00fchst\u00fcck.<\/li><li><b>F\u00fcr Ihre Mahlzeiten<\/b>: selbstverst\u00e4ndlich k\u00f6nnen Sie in der gut ausgestatteten K\u00fcche gemeinsam kochen und essen aber gerne organisieren wir f\u00fcr Sie Ihren \u201ePersonal Chef im Chalet\u201c oder aber, k\u00f6nnen Sie gerne im sch\u00f6nen Nachbarhotel ein ausgezeichnetes Abendessen genie\u00dfen (auf Reservierung). Profitieren Sie allerdings auch von den ausgezeichneten und zahlreichen lokalen Restaurants. Gerne sind wir f\u00fcr Empfehlungen und Reservierungen da.<\/li><li><span style=\"font-weight: bold;\">Aufr\u00e4umservice:<\/span>\u00a0wir bieten Ihnen einen gelegentlichen Aufr\u00e4umservice; dieser nimmt die Reinigung der K\u00fcche nicht ein.<\/li><\/ul>\t\t\t\t\t\t\t\t<\/div>\n\t\t\t\t<\/div>\n\t\t\t\t\t<\/div>\n\t\t<\/div>\n\t\t\t\t<div class=\"elementor-column elementor-col-50 elementor-inner-column elementor-element elementor-element-bda9826\" data-id=\"bda9826\" data-element_type=\"column\" data-e-type=\"column\">\n\t\t\t<div class=\"elementor-widget-wrap elementor-element-populated\">\n\t\t\t\t\t\t<div class=\"elementor-element elementor-element-bc0a91b elementor-widget elementor-widget-text-editor\" data-id=\"bc0a91b\" data-element_type=\"widget\" data-e-type=\"widget\" data-widget_type=\"text-editor.default\">\n\t\t\t\t<div class=\"elementor-widget-container\">\n\t\t\t\t\t\t\t\t\t<ul>\n<li><strong>Zur Mitbenutzung<\/strong> mit allen G\u00e4sten des Chalets: Garage mit 3-4 Stellpl\u00e4tzen (je nach Gr\u00f6\u00dfe der Autos). Falls nicht mehr verf\u00fcgbar, befindet sich ein \u00f6ffentlicher Parkplatz in der N\u00e4he. Lades\u00e4ule f\u00fcr Elektroautos (die Anwesenheit des Elektroautos muss bei der Buchung mitgeteilt werden). Ski-Raum mit Skischuh-W\u00e4rmer und Waschmaschine.<\/li><li><span style=\"font-weight: 700;\">Wir organisieren f\u00fcr Sie<\/span>: Bergf\u00fchrer, Bikeguides, Skilehrer, Taxiservice.<\/li>\n<li><span style=\"font-size: 24.8px;\">Auch wenn wir Tiere lieben, k\u00f6nnen wir diese leider nicht im Chalet aufnehmen, da f\u00fcr die Einrichtung (B\u00f6den usw.) besondere Naturmaterialien verwendet werden.<\/span><\/li>\n<\/ul>\t\t\t\t\t\t\t\t<\/div>\n\t\t\t\t<\/div>\n\t\t\t\t\t<\/div>\n\t\t<\/div>\n\t\t\t\t\t<\/div>\n\t\t<\/section>\n\t\t\t\t\t<\/div>\n\t\t<\/div>\n\t\t\t\t\t<\/div>\n\t\t<\/section>\n\t\t\t\t<section class=\"elementor-section elementor-top-section elementor-element elementor-element-df6f82d elementor-section-full_width elementor-section-stretched elementor-section-height-default elementor-section-height-default\" data-id=\"df6f82d\" data-element_type=\"section\" data-e-type=\"section\" data-settings=\"{&quot;stretch_section&quot;:&quot;section-stretched&quot;,&quot;jet_parallax_layout_list&quot;:[{&quot;jet_parallax_layout_image&quot;:{&quot;url&quot;:&quot;&quot;,&quot;id&quot;:&quot;&quot;,&quot;size&quot;:&quot;&quot;},&quot;_id&quot;:&quot;8da0fd6&quot;,&quot;jet_parallax_layout_image_tablet&quot;:{&quot;url&quot;:&quot;&quot;,&quot;id&quot;:&quot;&quot;,&quot;size&quot;:&quot;&quot;},&quot;jet_parallax_layout_image_mobile&quot;:{&quot;url&quot;:&quot;&quot;,&quot;id&quot;:&quot;&quot;,&quot;size&quot;:&quot;&quot;},&quot;jet_parallax_layout_speed&quot;:{&quot;unit&quot;:&quot;%&quot;,&quot;size&quot;:50,&quot;sizes&quot;:[]},&quot;jet_parallax_layout_type&quot;:&quot;scroll&quot;,&quot;jet_parallax_layout_direction&quot;:&quot;1&quot;,&quot;jet_parallax_layout_fx_direction&quot;:null,&quot;jet_parallax_layout_z_index&quot;:&quot;&quot;,&quot;jet_parallax_layout_bg_x&quot;:50,&quot;jet_parallax_layout_bg_x_tablet&quot;:&quot;&quot;,&quot;jet_parallax_layout_bg_x_mobile&quot;:&quot;&quot;,&quot;jet_parallax_layout_bg_y&quot;:50,&quot;jet_parallax_layout_bg_y_tablet&quot;:&quot;&quot;,&quot;jet_parallax_layout_bg_y_mobile&quot;:&quot;&quot;,&quot;jet_parallax_layout_bg_size&quot;:&quot;auto&quot;,&quot;jet_parallax_layout_bg_size_tablet&quot;:&quot;&quot;,&quot;jet_parallax_layout_bg_size_mobile&quot;:&quot;&quot;,&quot;jet_parallax_layout_animation_prop&quot;:&quot;transform&quot;,&quot;jet_parallax_layout_on&quot;:[&quot;desktop&quot;,&quot;tablet&quot;]}],&quot;background_background&quot;:&quot;classic&quot;}\">\n\t\t\t\t\t\t<div class=\"elementor-container elementor-column-gap-default\">\n\t\t\t\t\t<div class=\"elementor-column elementor-col-100 elementor-top-column elementor-element elementor-element-0840953\" data-id=\"0840953\" data-element_type=\"column\" data-e-type=\"column\">\n\t\t\t<div class=\"elementor-widget-wrap elementor-element-populated\">\n\t\t\t\t\t\t<div class=\"elementor-element elementor-element-da96de4 elementor-widget elementor-widget-spacer\" data-id=\"da96de4\" data-element_type=\"widget\" data-e-type=\"widget\" data-widget_type=\"spacer.default\">\n\t\t\t\t<div class=\"elementor-widget-container\">\n\t\t\t\t\t\t\t<div class=\"elementor-spacer\">\n\t\t\t<div class=\"elementor-spacer-inner\"><\/div>\n\t\t<\/div>\n\t\t\t\t\t\t<\/div>\n\t\t\t\t<\/div>\n\t\t\t\t\t<\/div>\n\t\t<\/div>\n\t\t\t\t\t<\/div>\n\t\t<\/section>\n\t\t\t\t<\/div>\n\t\t","protected":false},"excerpt":{"rendered":"<p>Buchen Buchen Sie Ihren wohlverdienten Urlaub im Chalet Dolecir Ihr Traumurlaub in mitten der Dolomiten ist nur wenige Klicks entfernt F\u00fcr Sie&#8230; F\u00fcr Ihr Fr\u00fchst\u00fcck im Chalet: wir organisieren f\u00fcr Sie frisches Brot jeden Morgen und es erwarten Sie hochwertige Produkte f\u00fcr Ihr Fr\u00fchst\u00fcck. F\u00fcr Ihre Mahlzeiten: selbstverst\u00e4ndlich k\u00f6nnen Sie in der gut ausgestatteten K\u00fcche [&hellip;]<\/p>\n","protected":false},"author":1,"featured_media":0,"parent":0,"menu_order":5,"comment_status":"closed","ping_status":"closed","template":"","meta":{"_acf_changed":false,"footnotes":""},"class_list":["post-6882","page","type-page","status-publish","hentry"],"acf":[],"yoast_head":"<!-- This site is optimized with the Yoast SEO plugin v27.3 - https:\/\/yoast.com\/product\/yoast-seo-wordpress\/ -->\n<title>Buchen - Dolecir Chalet<\/title>\n<meta name=\"robots\" content=\"index, follow, max-snippet:-1, max-image-preview:large, max-video-preview:-1\" \/>\n<link rel=\"canonical\" href=\"https:\/\/dolecir.it\/de\/buchen\/\" \/>\n<meta property=\"og:locale\" content=\"de_DE\" \/>\n<meta property=\"og:type\" content=\"article\" \/>\n<meta property=\"og:title\" content=\"Buchen - Dolecir Chalet\" \/>\n<meta property=\"og:description\" content=\"Buchen Buchen Sie Ihren wohlverdienten Urlaub im Chalet Dolecir Ihr Traumurlaub in mitten der Dolomiten ist nur wenige Klicks entfernt F\u00fcr Sie&#8230; F\u00fcr Ihr Fr\u00fchst\u00fcck im Chalet: wir organisieren f\u00fcr Sie frisches Brot jeden Morgen und es erwarten Sie hochwertige Produkte f\u00fcr Ihr Fr\u00fchst\u00fcck. F\u00fcr Ihre Mahlzeiten: selbstverst\u00e4ndlich k\u00f6nnen Sie in der gut ausgestatteten K\u00fcche [&hellip;]\" \/>\n<meta property=\"og:url\" content=\"https:\/\/dolecir.it\/de\/buchen\/\" \/>\n<meta property=\"og:site_name\" content=\"Dolecir Chalet\" \/>\n<meta property=\"article:modified_time\" content=\"2024-04-23T09:35:25+00:00\" \/>\n<meta name=\"twitter:card\" content=\"summary_large_image\" \/>\n<meta name=\"twitter:label1\" content=\"Gesch\u00e4tzte Lesezeit\" \/>\n\t<meta name=\"twitter:data1\" content=\"2\u00a0Minuten\" \/>\n<script type=\"application\/ld+json\" class=\"yoast-schema-graph\">{\"@context\":\"https:\\\/\\\/schema.org\",\"@graph\":[{\"@type\":\"WebPage\",\"@id\":\"https:\\\/\\\/dolecir.it\\\/de\\\/buchen\\\/\",\"url\":\"https:\\\/\\\/dolecir.it\\\/de\\\/buchen\\\/\",\"name\":\"Buchen - Dolecir Chalet\",\"isPartOf\":{\"@id\":\"https:\\\/\\\/dolecir.it\\\/de\\\/#website\"},\"datePublished\":\"2021-12-10T08:20:55+00:00\",\"dateModified\":\"2024-04-23T09:35:25+00:00\",\"breadcrumb\":{\"@id\":\"https:\\\/\\\/dolecir.it\\\/de\\\/buchen\\\/#breadcrumb\"},\"inLanguage\":\"de\",\"potentialAction\":[{\"@type\":\"ReadAction\",\"target\":[\"https:\\\/\\\/dolecir.it\\\/de\\\/buchen\\\/\"]}]},{\"@type\":\"BreadcrumbList\",\"@id\":\"https:\\\/\\\/dolecir.it\\\/de\\\/buchen\\\/#breadcrumb\",\"itemListElement\":[{\"@type\":\"ListItem\",\"position\":1,\"name\":\"Home\",\"item\":\"https:\\\/\\\/dolecir.it\\\/de\\\/\"},{\"@type\":\"ListItem\",\"position\":2,\"name\":\"Buchen\"}]},{\"@type\":\"WebSite\",\"@id\":\"https:\\\/\\\/dolecir.it\\\/de\\\/#website\",\"url\":\"https:\\\/\\\/dolecir.it\\\/de\\\/\",\"name\":\"Dolecir Chalet\",\"description\":\"\",\"publisher\":{\"@id\":\"https:\\\/\\\/dolecir.it\\\/de\\\/#organization\"},\"potentialAction\":[{\"@type\":\"SearchAction\",\"target\":{\"@type\":\"EntryPoint\",\"urlTemplate\":\"https:\\\/\\\/dolecir.it\\\/de\\\/?s={search_term_string}\"},\"query-input\":{\"@type\":\"PropertyValueSpecification\",\"valueRequired\":true,\"valueName\":\"search_term_string\"}}],\"inLanguage\":\"de\"},{\"@type\":\"Organization\",\"@id\":\"https:\\\/\\\/dolecir.it\\\/de\\\/#organization\",\"name\":\"Chalet Dolecir\",\"url\":\"https:\\\/\\\/dolecir.it\\\/de\\\/\",\"logo\":{\"@type\":\"ImageObject\",\"inLanguage\":\"de\",\"@id\":\"https:\\\/\\\/dolecir.it\\\/de\\\/#\\\/schema\\\/logo\\\/image\\\/\",\"url\":\"https:\\\/\\\/dolecir.it\\\/wp-content\\\/uploads\\\/2021\\\/12\\\/dolecir-logo.svg\",\"contentUrl\":\"https:\\\/\\\/dolecir.it\\\/wp-content\\\/uploads\\\/2021\\\/12\\\/dolecir-logo.svg\",\"width\":202.8700000000000045474735088646411895751953125,\"height\":84.2600000000000051159076974727213382720947265625,\"caption\":\"Chalet Dolecir\"},\"image\":{\"@id\":\"https:\\\/\\\/dolecir.it\\\/de\\\/#\\\/schema\\\/logo\\\/image\\\/\"}}]}<\/script>\n<!-- \/ Yoast SEO plugin. -->","yoast_head_json":{"title":"Buchen - Dolecir Chalet","robots":{"index":"index","follow":"follow","max-snippet":"max-snippet:-1","max-image-preview":"max-image-preview:large","max-video-preview":"max-video-preview:-1"},"canonical":"https:\/\/dolecir.it\/de\/buchen\/","og_locale":"de_DE","og_type":"article","og_title":"Buchen - Dolecir Chalet","og_description":"Buchen Buchen Sie Ihren wohlverdienten Urlaub im Chalet Dolecir Ihr Traumurlaub in mitten der Dolomiten ist nur wenige Klicks entfernt F\u00fcr Sie&#8230; F\u00fcr Ihr Fr\u00fchst\u00fcck im Chalet: wir organisieren f\u00fcr Sie frisches Brot jeden Morgen und es erwarten Sie hochwertige Produkte f\u00fcr Ihr Fr\u00fchst\u00fcck. F\u00fcr Ihre Mahlzeiten: selbstverst\u00e4ndlich k\u00f6nnen Sie in der gut ausgestatteten K\u00fcche [&hellip;]","og_url":"https:\/\/dolecir.it\/de\/buchen\/","og_site_name":"Dolecir Chalet","article_modified_time":"2024-04-23T09:35:25+00:00","twitter_card":"summary_large_image","twitter_misc":{"Gesch\u00e4tzte Lesezeit":"2\u00a0Minuten"},"schema":{"@context":"https:\/\/schema.org","@graph":[{"@type":"WebPage","@id":"https:\/\/dolecir.it\/de\/buchen\/","url":"https:\/\/dolecir.it\/de\/buchen\/","name":"Buchen - Dolecir Chalet","isPartOf":{"@id":"https:\/\/dolecir.it\/de\/#website"},"datePublished":"2021-12-10T08:20:55+00:00","dateModified":"2024-04-23T09:35:25+00:00","breadcrumb":{"@id":"https:\/\/dolecir.it\/de\/buchen\/#breadcrumb"},"inLanguage":"de","potentialAction":[{"@type":"ReadAction","target":["https:\/\/dolecir.it\/de\/buchen\/"]}]},{"@type":"BreadcrumbList","@id":"https:\/\/dolecir.it\/de\/buchen\/#breadcrumb","itemListElement":[{"@type":"ListItem","position":1,"name":"Home","item":"https:\/\/dolecir.it\/de\/"},{"@type":"ListItem","position":2,"name":"Buchen"}]},{"@type":"WebSite","@id":"https:\/\/dolecir.it\/de\/#website","url":"https:\/\/dolecir.it\/de\/","name":"Dolecir Chalet","description":"","publisher":{"@id":"https:\/\/dolecir.it\/de\/#organization"},"potentialAction":[{"@type":"SearchAction","target":{"@type":"EntryPoint","urlTemplate":"https:\/\/dolecir.it\/de\/?s={search_term_string}"},"query-input":{"@type":"PropertyValueSpecification","valueRequired":true,"valueName":"search_term_string"}}],"inLanguage":"de"},{"@type":"Organization","@id":"https:\/\/dolecir.it\/de\/#organization","name":"Chalet Dolecir","url":"https:\/\/dolecir.it\/de\/","logo":{"@type":"ImageObject","inLanguage":"de","@id":"https:\/\/dolecir.it\/de\/#\/schema\/logo\/image\/","url":"https:\/\/dolecir.it\/wp-content\/uploads\/2021\/12\/dolecir-logo.svg","contentUrl":"https:\/\/dolecir.it\/wp-content\/uploads\/2021\/12\/dolecir-logo.svg","width":202.8700000000000045474735088646411895751953125,"height":84.2600000000000051159076974727213382720947265625,"caption":"Chalet Dolecir"},"image":{"@id":"https:\/\/dolecir.it\/de\/#\/schema\/logo\/image\/"}}]}},"_links":{"self":[{"href":"https:\/\/dolecir.it\/de\/wp-json\/wp\/v2\/pages\/6882","targetHints":{"allow":["GET"]}}],"collection":[{"href":"https:\/\/dolecir.it\/de\/wp-json\/wp\/v2\/pages"}],"about":[{"href":"https:\/\/dolecir.it\/de\/wp-json\/wp\/v2\/types\/page"}],"author":[{"embeddable":true,"href":"https:\/\/dolecir.it\/de\/wp-json\/wp\/v2\/users\/1"}],"replies":[{"embeddable":true,"href":"https:\/\/dolecir.it\/de\/wp-json\/wp\/v2\/comments?post=6882"}],"version-history":[{"count":10,"href":"https:\/\/dolecir.it\/de\/wp-json\/wp\/v2\/pages\/6882\/revisions"}],"predecessor-version":[{"id":10117,"href":"https:\/\/dolecir.it\/de\/wp-json\/wp\/v2\/pages\/6882\/revisions\/10117"}],"wp:attachment":[{"href":"https:\/\/dolecir.it\/de\/wp-json\/wp\/v2\/media?parent=6882"}],"curies":[{"name":"wp","href":"https:\/\/api.w.org\/{rel}","templated":true}]}}